{"id":2005,"date":"2015-06-19T08:12:19","date_gmt":"2015-06-19T08:12:19","guid":{"rendered":"http:\/\/bertolini-wild.it\/?page_id=2005"},"modified":"2018-06-13T13:22:57","modified_gmt":"2018-06-13T13:22:57","slug":"privacy","status":"publish","type":"page","link":"https:\/\/bertolini-wild.it\/de\/privacy\/","title":{"rendered":"Privacy"},"content":{"rendered":"<p align=\"JUSTIFY\">GAMEAT S.R.L. intende garantire la privacy e la sicurezza dei dati personali di ciascun visitatore di questo sito web, e fornisce questa informativa ai sensi del Decreto Legislativo italiano 196\/2003 del 30 giugno 2003 &#8222;Codice in materia di protezione dei dati personali&#8220;, emanato in applicazione degli articoli 10 e 11 della direttiva n. 95\/46\/CE.<\/p>\n<p align=\"JUSTIFY\">Il trattamento dei dati personali forniti al momento della compilazione di formulari elettronici di questo sito web viene curato da personale tecnico della nostra societ\u00e0 oppure da eventuali incaricati di occasionali operazioni di manutenzione del sito stesso, attraverso strumenti elettronici o automatizzati per il tempo strettamente necessario a rispondere alle vostre richieste.<\/p>\n<p align=\"JUSTIFY\">Vengono adottate specifiche misure di sicurezza per prevenire la perdita dei dati, usi illeciti o non corretti ed accessi non autorizzati.<\/p>\n<p align=\"JUSTIFY\">Nessun dato personale derivante dal servizio web viene comunicato o diffuso.<\/p>\n<p align=\"JUSTIFY\">L&#8217;invio facoltativo, esplicito e volontario di posta elettronica agli indirizzi indicati su questo sito comporta la successiva acquisizione dell&#8217;indirizzo del mittente, necessario per rispondere alle richieste, nonch\u00e9 degli eventuali altri dati personali inseriti nella missiva.<\/p>\n<p align=\"JUSTIFY\">Il visitatore \u00e8 libero di fornire i dati personali richiesti nei moduli, ma il loro mancato conferimento pu\u00f2 comportare l&#8217;impossibilit\u00e0 di ottenere quanto richiesto.<\/p>\n<p align=\"JUSTIFY\">Al fine di evadere le vostre richieste alcuni dati sono necessari. Il mancato, parziale o inesatto conferimento dei dati personali non rende possibile tale esecuzione; mentre il parziale o inesatto conferimento di dati personali facoltativi non necessari non comporta alcuna conseguenza.<\/p>\n<p align=\"JUSTIFY\">Da questo sito web \u00e8 possibile fare collegamenti ad altri siti web. Il visitatore \u00e8 dunque invitato a prestare attenzione al fatto che tali siti non sono di propriet\u00e0, n\u00e9 di responsabilit\u00e0 di GAMEAT S.R.L. in quanto totalmente gestiti da altre societ\u00e0 e\/o organizzazioni, per le quali \u00e8 necessario verificare ed accettare le relative politiche sulla tutela della privacy. GAMEAT S.R.L. declina, pertanto, qualsiasi responsabilit\u00e0 in merito all\u2019eventuale richiesta e\/o rilascio di dati personali a siti terzi.<\/p>\n<p align=\"JUSTIFY\">Il titolare del trattamento dei dati personali \u00e8 GAMEAT S.R.L., con sede legale in Via Principale 37, 33030 Rive d&#8217;Arcano (UD), Italia.<\/p>\n<p align=\"JUSTIFY\">I soggetti cui si riferiscono i dati personali possono rivolgersi al titolare del trattamento per verificare l&#8217;esistenza di propri dati, essere informato in merito al contenuto e all&#8217;origine, verificare la loro esattezza, o per qualsiasi richiesta di integrazione, aggiornamento o modifica.<\/p>\n<p align=\"JUSTIFY\">Qualsiasi richiesta va inviata a : GAMEAT S.R.L., Via Principale 37, 33030 Rive d&#8217;Arcano (UD), Italia, e-mail: <a href=\"mailto:info@gameat.eu\">info@gameat.eu<\/a><\/p>\n","protected":false},"excerpt":{"rendered":"<p>GAMEAT S.R.L. intende garantire la privacy e la sicurezza dei dati personali di ciascun visitatore di questo sito web, e fornisce questa informativa ai sensi del Decreto Legislativo italiano 196\/2003 del 30 giugno 2003 &#8222;Codice in materia di protezione dei dati personali&#8220;, emanato in applicazione degli articoli 10 e 11 della direttiva n. 95\/46\/CE. Il [&hellip;]<\/p>\n","protected":false},"author":1,"featured_media":0,"parent":0,"menu_order":0,"comment_status":"open","ping_status":"open","template":"","meta":{"_et_pb_use_builder":"","_et_pb_old_content":"","_et_gb_content_width":""},"_links":{"self":[{"href":"https:\/\/bertolini-wild.it\/de\/wp-json\/wp\/v2\/pages\/2005\/"}],"collection":[{"href":"https:\/\/bertolini-wild.it\/de\/wp-json\/wp\/v2\/pages\/"}],"about":[{"href":"https:\/\/bertolini-wild.it\/de\/wp-json\/wp\/v2\/types\/page\/"}],"author":[{"embeddable":true,"href":"https:\/\/bertolini-wild.it\/de\/wp-json\/wp\/v2\/users\/1\/"}],"replies":[{"embeddable":true,"href":"https:\/\/bertolini-wild.it\/de\/wp-json\/wp\/v2\/comments\/?post=2005"}],"version-history":[{"count":3,"href":"https:\/\/bertolini-wild.it\/de\/wp-json\/wp\/v2\/pages\/2005\/revisions\/"}],"predecessor-version":[{"id":204090,"href":"https:\/\/bertolini-wild.it\/de\/wp-json\/wp\/v2\/pages\/2005\/revisions\/204090\/"}],"wp:attachment":[{"href":"https:\/\/bertolini-wild.it\/de\/wp-json\/wp\/v2\/media\/?parent=2005"}],"curies":[{"name":"wp","href":"https:\/\/api.w.org\/{rel}","templated":true}]}}