{"id":2199,"date":"2016-08-12T14:05:42","date_gmt":"2016-08-12T14:05:42","guid":{"rendered":"http:\/\/bertolini-wild.it\/?page_id=2199"},"modified":"2017-02-17T17:36:42","modified_gmt":"2017-02-17T17:36:42","slug":"homepage_old","status":"publish","type":"page","link":"https:\/\/bertolini-wild.it\/de\/homepage_old\/","title":{"rendered":"HomePage OLD"},"content":{"rendered":"<p>[et_pb_section admin_label=&#8220;What we brew &#8230;&#8220; fullwidth=&#8220;off&#8220; specialty=&#8220;off&#8220; transparent_background=&#8220;off&#8220; background_color=&#8220;#343549&#8243; allow_player_pause=&#8220;off&#8220; inner_shadow=&#8220;off&#8220; parallax=&#8220;off&#8220; parallax_method=&#8220;on&#8220; make_fullwidth=&#8220;off&#8220; use_custom_width=&#8220;off&#8220; width_unit=&#8220;on&#8220; make_equal=&#8220;off&#8220; use_custom_gutter=&#8220;off&#8220; background_image=&#8220;http:\/\/bertolini-wild.it\/wp-content\/uploads\/2017\/02\/background-2-1.jpg&#8220; custom_padding=&#8220;80px||100px|&#8220; custom_css_main_element=&#8220;background-position: bottom center;&#8220; collapsed=&#8220;off&#8220; module_id=&#8220;our-coffee&#8220;][et_pb_row admin_label=&#8220;Row&#8220;][et_pb_column type=&#8220;4_4&#8243;][et_pb_text admin_label=&#8220;What we brew &#8230;&#8220; background_layout=&#8220;light&#8220; text_orientation=&#8220;left&#8220; text_font=&#8220;Dancing Script|on|||&#8220; text_font_size=&#8220;60&#8243; text_text_color=&#8220;#d7bc99&#8243; text_line_height=&#8220;1.2em&#8220; use_border_color=&#8220;off&#8220; border_color=&#8220;#ffffff&#8220; border_style=&#8220;solid&#8220; custom_css_main_element=&#8220;background: -webkit-linear-gradient(#B28342, #E8D7BE);||-webkit-background-clip: text;||-webkit-text-fill-color: transparent;&#8220;] What we brew&#8230; [\/et_pb_text][\/et_pb_column][\/et_pb_row][et_pb_row admin_label=&#8220;Row&#8220; make_fullwidth=&#8220;off&#8220; use_custom_width=&#8220;off&#8220; width_unit=&#8220;on&#8220; use_custom_gutter=&#8220;on&#8220; gutter_width=&#8220;4&#8243; allow_player_pause=&#8220;off&#8220; parallax=&#8220;off&#8220; parallax_method=&#8220;off&#8220; make_equal=&#8220;off&#8220; parallax_1=&#8220;off&#8220; parallax_method_1=&#8220;off&#8220; parallax_2=&#8220;off&#8220; parallax_method_2=&#8220;off&#8220; parallax_3=&#8220;off&#8220; parallax_method_3=&#8220;off&#8220; custom_padding=&#8220;|0px||0px&#8220; custom_width_px=&#8220;1400px&#8220;][et_pb_column type=&#8220;1_3&#8243;][et_pb_blurb admin_label=&#8220;Blurb&#8220; title=&#8220;Espresso&#8220; url_new_window=&#8220;off&#8220; use_icon=&#8220;off&#8220; icon_color=&#8220;#7EBEC5&#8243; use_circle=&#8220;off&#8220; circle_color=&#8220;#7EBEC5&#8243; use_circle_border=&#8220;off&#8220; circle_border_color=&#8220;#7EBEC5&#8243; image=&#8220;http:\/\/bertolini-wild.it\/wp-content\/uploads\/2017\/02\/ESPRESSO-5.png&#8220; icon_placement=&#8220;top&#8220; animation=&#8220;top&#8220; background_layout=&#8220;dark&#8220; text_orientation=&#8220;left&#8220; use_icon_font_size=&#8220;off&#8220; use_border_color=&#8220;off&#8220; border_color=&#8220;#ffffff&#8220; border_style=&#8220;solid&#8220; custom_css_blurb_image=&#8220;margin-bottom: -8%;||margin-left: -10px;&#8220; header_font=&#8220;PT Sans|on||on|&#8220; header_font_size=&#8220;33&#8243; header_text_color=&#8220;#d7bc99&#8243; body_font=&#8220;PT Sans||||&#8220; body_font_size=&#8220;15&#8243;] Aenean augue turpis, luctus quis malesuada et, mollis vitae orci. Nullam volutpat convallis lorem vitae finibus. [\/et_pb_blurb][et_pb_blurb admin_label=&#8220;Cappuccino&#8220; title=&#8220;Cappuccino&#8220; url_new_window=&#8220;off&#8220; use_icon=&#8220;off&#8220; icon_color=&#8220;#7EBEC5&#8243; use_circle=&#8220;off&#8220; circle_color=&#8220;#7EBEC5&#8243; use_circle_border=&#8220;off&#8220; circle_border_color=&#8220;#7EBEC5&#8243; image=&#8220;http:\/\/bertolini-wild.it\/wp-content\/uploads\/2017\/02\/CAPPUCCINO-5.png&#8220; icon_placement=&#8220;top&#8220; animation=&#8220;top&#8220; background_layout=&#8220;dark&#8220; text_orientation=&#8220;left&#8220; use_icon_font_size=&#8220;off&#8220; use_border_color=&#8220;off&#8220; border_color=&#8220;#ffffff&#8220; border_style=&#8220;solid&#8220; custom_css_blurb_image=&#8220;margin-bottom: -8%;||margin-left: -10px;&#8220; header_font=&#8220;PT Sans|on||on|&#8220; header_font_size=&#8220;33&#8243; header_text_color=&#8220;#d7bc99&#8243; body_font=&#8220;PT Sans||||&#8220; body_font_size=&#8220;15&#8243;] Aenean augue turpis, luctus quis malesuada et, mollis vitae orci. Nullam volutpat convallis lorem vitae finibus. [\/et_pb_blurb][et_pb_blurb admin_label=&#8220;Caffe Latte&#8220; title=&#8220;Caffe Latte&#8220; url_new_window=&#8220;off&#8220; use_icon=&#8220;off&#8220; icon_color=&#8220;#7EBEC5&#8243; use_circle=&#8220;off&#8220; circle_color=&#8220;#7EBEC5&#8243; use_circle_border=&#8220;off&#8220; circle_border_color=&#8220;#7EBEC5&#8243; image=&#8220;http:\/\/bertolini-wild.it\/wp-content\/uploads\/2017\/02\/CAFFE-LATTE-5.png&#8220; icon_placement=&#8220;top&#8220; animation=&#8220;top&#8220; background_layout=&#8220;dark&#8220; text_orientation=&#8220;left&#8220; use_icon_font_size=&#8220;off&#8220; use_border_color=&#8220;off&#8220; border_color=&#8220;#ffffff&#8220; border_style=&#8220;solid&#8220; custom_css_blurb_image=&#8220;margin-bottom: -8%;||margin-left: -10px;&#8220; header_font=&#8220;PT Sans|on||on|&#8220; header_font_size=&#8220;33&#8243; header_text_color=&#8220;#d7bc99&#8243; body_font=&#8220;PT Sans||||&#8220; body_font_size=&#8220;15&#8243;] Aenean augue turpis, luctus quis malesuada et, mollis vitae orci. Nullam volutpat convallis lorem vitae finibus. [\/et_pb_blurb][\/et_pb_column][et_pb_column type=&#8220;1_3&#8243;][et_pb_blurb admin_label=&#8220;Mochachino&#8220; title=&#8220;Mochachino&#8220; url_new_window=&#8220;off&#8220; use_icon=&#8220;off&#8220; icon_color=&#8220;#7EBEC5&#8243; use_circle=&#8220;off&#8220; circle_color=&#8220;#7EBEC5&#8243; use_circle_border=&#8220;off&#8220; circle_border_color=&#8220;#7EBEC5&#8243; image=&#8220;http:\/\/bertolini-wild.it\/wp-content\/uploads\/2017\/02\/MOCHACHINO-5.png&#8220; icon_placement=&#8220;top&#8220; animation=&#8220;top&#8220; background_layout=&#8220;dark&#8220; text_orientation=&#8220;left&#8220; use_icon_font_size=&#8220;off&#8220; use_border_color=&#8220;off&#8220; border_color=&#8220;#ffffff&#8220; border_style=&#8220;solid&#8220; custom_css_blurb_image=&#8220;margin-bottom: -8%;||margin-left: -10px;&#8220; header_font=&#8220;PT Sans|on||on|&#8220; header_font_size=&#8220;33&#8243; header_text_color=&#8220;#d7bc99&#8243; body_font=&#8220;PT Sans||||&#8220; body_font_size=&#8220;15&#8243;] Aenean augue turpis, luctus quis malesuada et, mollis vitae orci. Nullam volutpat convallis lorem vitae finibus. [\/et_pb_blurb][et_pb_blurb admin_label=&#8220;Macchiato&#8220; title=&#8220;Macchiato&#8220; url_new_window=&#8220;off&#8220; use_icon=&#8220;off&#8220; icon_color=&#8220;#7EBEC5&#8243; use_circle=&#8220;off&#8220; circle_color=&#8220;#7EBEC5&#8243; use_circle_border=&#8220;off&#8220; circle_border_color=&#8220;#7EBEC5&#8243; image=&#8220;http:\/\/bertolini-wild.it\/wp-content\/uploads\/2017\/02\/MACCHIATO-5.png&#8220; icon_placement=&#8220;top&#8220; animation=&#8220;top&#8220; background_layout=&#8220;dark&#8220; text_orientation=&#8220;left&#8220; use_icon_font_size=&#8220;off&#8220; use_border_color=&#8220;off&#8220; border_color=&#8220;#ffffff&#8220; border_style=&#8220;solid&#8220; custom_css_blurb_image=&#8220;margin-bottom: -8%;||margin-left: -10px;&#8220; header_font=&#8220;PT Sans|on||on|&#8220; header_font_size=&#8220;33&#8243; header_text_color=&#8220;#d7bc99&#8243; body_font=&#8220;PT Sans||||&#8220; body_font_size=&#8220;15&#8243;] Aenean augue turpis, luctus quis malesuada et, mollis vitae orci. Nullam volutpat convallis lorem vitae finibus. [\/et_pb_blurb][et_pb_blurb admin_label=&#8220;Americano&#8220; title=&#8220;Americano&#8220; url_new_window=&#8220;off&#8220; use_icon=&#8220;off&#8220; icon_color=&#8220;#7EBEC5&#8243; use_circle=&#8220;off&#8220; circle_color=&#8220;#7EBEC5&#8243; use_circle_border=&#8220;off&#8220; circle_border_color=&#8220;#7EBEC5&#8243; image=&#8220;http:\/\/bertolini-wild.it\/wp-content\/uploads\/2017\/02\/Americano-5.png&#8220; icon_placement=&#8220;top&#8220; animation=&#8220;top&#8220; background_layout=&#8220;dark&#8220; text_orientation=&#8220;left&#8220; use_icon_font_size=&#8220;off&#8220; use_border_color=&#8220;off&#8220; border_color=&#8220;#ffffff&#8220; border_style=&#8220;solid&#8220; custom_css_blurb_image=&#8220;margin-bottom: -8%;||margin-left: -10px;&#8220; header_font=&#8220;PT Sans|on||on|&#8220; header_font_size=&#8220;33&#8243; header_text_color=&#8220;#d7bc99&#8243; body_font=&#8220;PT Sans||||&#8220; body_font_size=&#8220;15&#8243;] Aenean augue turpis, luctus quis malesuada et, mollis vitae orci. Nullam volutpat convallis lorem vitae finibus. [\/et_pb_blurb][\/et_pb_column][et_pb_column type=&#8220;1_3&#8243;][\/et_pb_column][\/et_pb_row][\/et_pb_section][et_pb_section admin_label=&#8220;Sezione&#8220; fullwidth=&#8220;on&#8220; specialty=&#8220;off&#8220; transparent_background=&#8220;off&#8220; background_color=&#8220;#ffffff&#8220; allow_player_pause=&#8220;off&#8220; inner_shadow=&#8220;off&#8220; parallax=&#8220;off&#8220; parallax_method=&#8220;off&#8220; padding_mobile=&#8220;off&#8220; make_fullwidth=&#8220;off&#8220; use_custom_width=&#8220;off&#8220; width_unit=&#8220;on&#8220; make_equal=&#8220;off&#8220; use_custom_gutter=&#8220;off&#8220;][et_pb_fullwidth_post_slider admin_label=&#8220;Slider post a larghezza totale&#8220; include_categories=&#8220;170&#8243; orderby=&#8220;date_desc&#8220; show_arrows=&#8220;on&#8220; show_pagination=&#8220;on&#8220; show_more_button=&#8220;off&#8220; content_source=&#8220;off&#8220; use_manual_excerpt=&#8220;off&#8220; show_meta=&#8220;off&#8220; background_layout=&#8220;dark&#8220; show_image=&#8220;on&#8220; image_placement=&#8220;background&#8220; parallax=&#8220;on&#8220; parallax_method=&#8220;off&#8220; use_bg_overlay=&#8220;off&#8220; use_text_overlay=&#8220;off&#8220; remove_inner_shadow=&#8220;off&#8220; background_position=&#8220;default&#8220; background_size=&#8220;default&#8220; auto=&#8220;on&#8220; auto_ignore_hover=&#8220;off&#8220; hide_content_on_mobile=&#8220;off&#8220; hide_cta_on_mobile=&#8220;off&#8220; show_image_video_mobile=&#8220;off&#8220; meta_letter_spacing=&#8220;0&#8243; custom_button=&#8220;off&#8220; button_letter_spacing=&#8220;0&#8243; button_use_icon=&#8220;default&#8220; button_icon_placement=&#8220;right&#8220; button_on_hover=&#8220;on&#8220; button_letter_spacing_hover=&#8220;0&#8243; auto_speed=&#8220;5000&#8243;] [\/et_pb_fullwidth_post_slider][\/et_pb_section][et_pb_section admin_label=&#8220;Sezione&#8220; fullwidth=&#8220;off&#8220; specialty=&#8220;off&#8220; transparent_background=&#8220;off&#8220; background_color=&#8220;#ffffff&#8220; allow_player_pause=&#8220;off&#8220; inner_shadow=&#8220;off&#8220; parallax=&#8220;off&#8220; parallax_method=&#8220;off&#8220; padding_mobile=&#8220;off&#8220; make_fullwidth=&#8220;off&#8220; use_custom_width=&#8220;off&#8220; width_unit=&#8220;on&#8220; make_equal=&#8220;off&#8220; use_custom_gutter=&#8220;off&#8220;][et_pb_row admin_label=&#8220;Riga&#8220;][et_pb_column type=&#8220;4_4&#8243;][et_pb_text admin_label=&#8220;Testo&#8220; background_layout=&#8220;light&#8220; text_orientation=&#8220;center&#8220; use_border_color=&#8220;off&#8220; border_color=&#8220;#ffffff&#8220; border_style=&#8220;solid&#8220; header_font=&#8220;|on|||&#8220; header_font_size=&#8220;50px&#8220;]<\/p>\n<h1><em><strong>Un mondo di selvaggina<\/strong><\/em><\/h1>\n<p>[\/et_pb_text][\/et_pb_column][\/et_pb_row][et_pb_row admin_label=&#8220;Riga&#8220;][et_pb_column type=&#8220;4_4&#8243;][et_pb_divider admin_label=&#8220;Modulo Separatore&#8220; color=&#8220;#2f461c&#8220; show_divider=&#8220;on&#8220; divider_style=&#8220;groove&#8220; divider_position=&#8220;top&#8220; hide_on_mobile=&#8220;on&#8220;] [\/et_pb_divider][\/et_pb_column][\/et_pb_row][\/et_pb_section][et_pb_section admin_label=&#8220;Sezione&#8220; fullwidth=&#8220;off&#8220; specialty=&#8220;off&#8220; transparent_background=&#8220;off&#8220; background_color=&#8220;#ffffff&#8220; allow_player_pause=&#8220;off&#8220; inner_shadow=&#8220;off&#8220; parallax=&#8220;off&#8220; parallax_method=&#8220;off&#8220; padding_mobile=&#8220;off&#8220; make_fullwidth=&#8220;off&#8220; use_custom_width=&#8220;off&#8220; width_unit=&#8220;on&#8220; make_equal=&#8220;off&#8220; use_custom_gutter=&#8220;off&#8220;][et_pb_row admin_label=&#8220;Riga&#8220;][et_pb_column type=&#8220;1_2&#8243;][et_pb_blurb admin_label=&#8220;Blurb&#8220; title=&#8220;Carni congelate&#8220; url_new_window=&#8220;off&#8220; use_icon=&#8220;off&#8220; icon_color=&#8220;#000000&#8243; use_circle=&#8220;off&#8220; circle_color=&#8220;#000000&#8243; use_circle_border=&#8220;off&#8220; circle_border_color=&#8220;#000000&#8243; icon_placement=&#8220;top&#8220; animation=&#8220;top&#8220; background_layout=&#8220;light&#8220; text_orientation=&#8220;left&#8220; use_icon_font_size=&#8220;off&#8220; use_border_color=&#8220;off&#8220; border_color=&#8220;#ffffff&#8220; border_style=&#8220;solid&#8220; header_font=&#8220;PT Sans|on||on|&#8220; url=&#8220;http:\/\/bertolini-wild.it\/linea_carni_congelate\/&#8220; header_text_color=&#8220;#d7bc99&#8243; body_font=&#8220;PT Sans||||&#8220; body_letter_spacing=&#8220;1px&#8220; custom_css_blurb_image=&#8220;margin-bottom: -8%;||margin-left: -10px;||&#8220;]<\/p>\n<p style=\"text-align: justify;\">Carni compatte, ricche di sapore, ad alto valore nutritivo da selvaggina non allevata. Si prestano a creare salm\u00ec, spezzatini ecc. da cui sprigionare la vostra fantasia culinaria.<\/p>\n<p>[\/et_pb_blurb][\/et_pb_column][et_pb_column type=&#8220;1_2&#8243;][\/et_pb_column][\/et_pb_row][et_pb_row admin_label=&#8220;Riga&#8220;][et_pb_column type=&#8220;4_4&#8243;][et_pb_divider admin_label=&#8220;Modulo Separatore&#8220; color=&#8220;#2f461c&#8220; show_divider=&#8220;on&#8220; divider_style=&#8220;groove&#8220; divider_position=&#8220;top&#8220; hide_on_mobile=&#8220;on&#8220;] [\/et_pb_divider][\/et_pb_column][\/et_pb_row][\/et_pb_section][et_pb_section admin_label=&#8220;Sezione&#8220; fullwidth=&#8220;off&#8220; specialty=&#8220;off&#8220; transparent_background=&#8220;off&#8220; background_color=&#8220;#ffffff&#8220; allow_player_pause=&#8220;off&#8220; inner_shadow=&#8220;off&#8220; parallax=&#8220;off&#8220; parallax_method=&#8220;off&#8220; padding_mobile=&#8220;off&#8220; make_fullwidth=&#8220;off&#8220; use_custom_width=&#8220;off&#8220; width_unit=&#8220;on&#8220; make_equal=&#8220;off&#8220; use_custom_gutter=&#8220;off&#8220;][et_pb_row admin_label=&#8220;Riga&#8220;][et_pb_column type=&#8220;1_2&#8243;][et_pb_blurb admin_label=&#8220;Blurb&#8220; title=&#8220;Carni marinate&#8220; url_new_window=&#8220;off&#8220; use_icon=&#8220;off&#8220; icon_color=&#8220;#000000&#8243; use_circle=&#8220;off&#8220; circle_color=&#8220;#000000&#8243; use_circle_border=&#8220;off&#8220; circle_border_color=&#8220;#000000&#8243; icon_placement=&#8220;top&#8220; animation=&#8220;top&#8220; background_layout=&#8220;light&#8220; text_orientation=&#8220;left&#8220; use_icon_font_size=&#8220;off&#8220; header_font=&#8220;|on|on||&#8220; use_border_color=&#8220;off&#8220; border_color=&#8220;#ffffff&#8220; border_style=&#8220;solid&#8220; header_font_size=&#8220;25&#8243;]<\/p>\n<p style=\"text-align: justify;\">Il loro punto di forza sono\u00a0 i sapori caratteristici, particolarmente ricchi ed intensi e con basso contenuto di colesterolo. Confezionati in vassoi,\u00a0 pronti a cuocere, offrono ricchezza e genuinit\u00e0 alla vostra tavola. Adatti per condire primi piatti o gustosi secondi.<\/p>\n<p>[\/et_pb_blurb][et_pb_button admin_label=&#8220;Pulsante&#8220; button_url=&#8220;http:\/\/bertolini-wild.it\/linea_carni_marinate\/&#8220; url_new_window=&#8220;off&#8220; button_text=&#8220;Scopri le carni marinate&#8220; button_alignment=&#8220;left&#8220; background_layout=&#8220;light&#8220; custom_button=&#8220;on&#8220; button_letter_spacing=&#8220;0&#8243; button_use_icon=&#8220;default&#8220; button_icon_placement=&#8220;right&#8220; button_on_hover=&#8220;on&#8220; button_letter_spacing_hover=&#8220;0&#8243;] [\/et_pb_button][\/et_pb_column][et_pb_column type=&#8220;1_2&#8243;][et_pb_image admin_label=&#8220;Immagine&#8220; src=&#8220;http:\/\/bertolini-wild.it\/wp-content\/uploads\/2016\/08\/CarniMarinate_Insieme.jpg&#8220; show_in_lightbox=&#8220;off&#8220; url_new_window=&#8220;off&#8220; use_overlay=&#8220;off&#8220; animation=&#8220;fade_in&#8220; sticky=&#8220;off&#8220; align=&#8220;center&#8220; max_width=&#8220;50%&#8220; force_fullwidth=&#8220;off&#8220; always_center_on_mobile=&#8220;on&#8220; use_border_color=&#8220;off&#8220; border_color=&#8220;#ffffff&#8220; border_style=&#8220;solid&#8220;] [\/et_pb_image][\/et_pb_column][\/et_pb_row][et_pb_row admin_label=&#8220;Riga&#8220;][et_pb_column type=&#8220;4_4&#8243;][et_pb_divider admin_label=&#8220;Modulo Separatore&#8220; color=&#8220;#2f461c&#8220; show_divider=&#8220;on&#8220; divider_style=&#8220;groove&#8220; divider_position=&#8220;top&#8220; hide_on_mobile=&#8220;on&#8220;] [\/et_pb_divider][\/et_pb_column][\/et_pb_row][\/et_pb_section][et_pb_section admin_label=&#8220;Sezione&#8220; fullwidth=&#8220;off&#8220; specialty=&#8220;off&#8220; transparent_background=&#8220;off&#8220; background_color=&#8220;#ffffff&#8220; allow_player_pause=&#8220;off&#8220; inner_shadow=&#8220;off&#8220; parallax=&#8220;off&#8220; parallax_method=&#8220;off&#8220; padding_mobile=&#8220;off&#8220; make_fullwidth=&#8220;off&#8220; use_custom_width=&#8220;off&#8220; width_unit=&#8220;on&#8220; make_equal=&#8220;off&#8220; use_custom_gutter=&#8220;off&#8220;][et_pb_row admin_label=&#8220;Riga&#8220;][et_pb_column type=&#8220;1_2&#8243;][et_pb_blurb admin_label=&#8220;Blurb&#8220; title=&#8220;Salumeria&#8220; url_new_window=&#8220;off&#8220; use_icon=&#8220;off&#8220; icon_color=&#8220;#000000&#8243; use_circle=&#8220;off&#8220; circle_color=&#8220;#000000&#8243; use_circle_border=&#8220;off&#8220; circle_border_color=&#8220;#000000&#8243; icon_placement=&#8220;top&#8220; animation=&#8220;top&#8220; background_layout=&#8220;light&#8220; text_orientation=&#8220;left&#8220; use_icon_font_size=&#8220;off&#8220; use_border_color=&#8220;off&#8220; border_color=&#8220;#ffffff&#8220; border_style=&#8220;solid&#8220; header_font=&#8220;|on|on||on&#8220; url=&#8220;http:\/\/bertolini-wild.it\/linea_salumeria\/&#8220;]<\/p>\n<p style=\"text-align: justify;\">Offriamo una vasta gamma di prosciutti e salumi, protagonisti dei piatti pi\u00f9 originali. Il modo pi\u00f9 semplice per assaporarli \u00e8 sui crostini imburrati, ma si possono usare anche per farcire tartine, panini, pizze e taglieri.<\/p>\n<p>[\/et_pb_blurb][\/et_pb_column][et_pb_column type=&#8220;1_2&#8243;][\/et_pb_column][\/et_pb_row][et_pb_row admin_label=&#8220;Riga&#8220;][et_pb_column type=&#8220;4_4&#8243;][et_pb_divider admin_label=&#8220;Modulo Separatore&#8220; color=&#8220;#2f461c&#8220; show_divider=&#8220;on&#8220; divider_style=&#8220;groove&#8220; divider_position=&#8220;top&#8220; hide_on_mobile=&#8220;on&#8220;] [\/et_pb_divider][\/et_pb_column][\/et_pb_row][\/et_pb_section][et_pb_section admin_label=&#8220;Sezione&#8220; fullwidth=&#8220;off&#8220; specialty=&#8220;off&#8220; transparent_background=&#8220;off&#8220; background_color=&#8220;#ffffff&#8220; allow_player_pause=&#8220;off&#8220; inner_shadow=&#8220;off&#8220; parallax=&#8220;off&#8220; parallax_method=&#8220;off&#8220; padding_mobile=&#8220;off&#8220; make_fullwidth=&#8220;off&#8220; use_custom_width=&#8220;off&#8220; width_unit=&#8220;on&#8220; make_equal=&#8220;off&#8220; use_custom_gutter=&#8220;off&#8220;][et_pb_row admin_label=&#8220;Riga&#8220;][et_pb_column type=&#8220;1_2&#8243;][et_pb_blurb admin_label=&#8220;Blurb&#8220; title=&#8220;Industria&#8220; url_new_window=&#8220;off&#8220; use_icon=&#8220;off&#8220; icon_color=&#8220;#000000&#8243; use_circle=&#8220;off&#8220; circle_color=&#8220;#000000&#8243; use_circle_border=&#8220;off&#8220; circle_border_color=&#8220;#000000&#8243; icon_placement=&#8220;top&#8220; animation=&#8220;top&#8220; background_layout=&#8220;light&#8220; text_orientation=&#8220;left&#8220; use_icon_font_size=&#8220;off&#8220; use_border_color=&#8220;off&#8220; border_color=&#8220;#ffffff&#8220; border_style=&#8220;solid&#8220; header_font=&#8220;|on|on||on&#8220; url=&#8220;http:\/\/bertolini-wild.it\/linea_industria\/&#8220;]<\/p>\n<p style=\"text-align: justify;\">Carni selezionate e controllate che offrono garanzia di qualit\u00e0. Elementi importanti per la realizzazione e produzione di sughi, rag\u00f9, salumi, ecc.<\/p>\n<p>[\/et_pb_blurb][\/et_pb_column][et_pb_column type=&#8220;1_2&#8243;][\/et_pb_column][\/et_pb_row][et_pb_row admin_label=&#8220;Riga&#8220;][et_pb_column type=&#8220;4_4&#8243;][et_pb_divider admin_label=&#8220;Modulo Separatore&#8220; color=&#8220;#2f461c&#8220; show_divider=&#8220;on&#8220; divider_style=&#8220;groove&#8220; divider_position=&#8220;top&#8220; hide_on_mobile=&#8220;on&#8220;] [\/et_pb_divider][\/et_pb_column][\/et_pb_row][\/et_pb_section][et_pb_section admin_label=&#8220;Sezione&#8220; fullwidth=&#8220;off&#8220; specialty=&#8220;off&#8220; transparent_background=&#8220;off&#8220; background_color=&#8220;#f7f7f7&#8243; allow_player_pause=&#8220;off&#8220; inner_shadow=&#8220;off&#8220; parallax=&#8220;off&#8220; parallax_method=&#8220;off&#8220; padding_mobile=&#8220;off&#8220; make_fullwidth=&#8220;off&#8220; use_custom_width=&#8220;off&#8220; width_unit=&#8220;on&#8220; make_equal=&#8220;off&#8220; use_custom_gutter=&#8220;off&#8220;][et_pb_row admin_label=&#8220;Riga&#8220;][et_pb_column type=&#8220;4_4&#8243;][et_pb_text admin_label=&#8220;Testo&#8220; background_layout=&#8220;light&#8220; text_orientation=&#8220;left&#8220; use_border_color=&#8220;off&#8220; border_color=&#8220;#ffffff&#8220; border_style=&#8220;solid&#8220;]<\/p>\n<h2><em><strong>Contatti:<\/strong><\/em><\/h2>\n<p>[\/et_pb_text][\/et_pb_column][\/et_pb_row][et_pb_row admin_label=&#8220;Riga&#8220;][et_pb_column type=&#8220;1_2&#8243;][et_pb_text admin_label=&#8220;Testo&#8220; background_layout=&#8220;light&#8220; text_orientation=&#8220;left&#8220; use_border_color=&#8220;off&#8220; border_color=&#8220;#ffffff&#8220; border_style=&#8220;solid&#8220;]<\/p>\n<p><strong>Bertolini Wild Srl<\/strong><\/p>\n<p>Via Benedetto Cairoli 1<\/p>\n<p>33100 Udine (UD)<\/p>\n<p>Tel. 0039 0432 1481534<\/p>\n<p>eMail: <span style=\"text-decoration: underline;\"><a href=\"mailto:info@bertolini-wild.com\">info@bertolini-wild.com<\/a><\/span><\/p>\n<p>[\/et_pb_text][\/et_pb_column][et_pb_column type=&#8220;1_2&#8243;][et_pb_map admin_label=&#8220;Mappa&#8220; address=&#8220;Via Benedetto Cairoli, 1, 33100 Udine UD, Italia&#8220; address_lat=&#8220;46.0646366&#8243; address_lng=&#8220;13.241109499999993&#8243; mouse_wheel=&#8220;on&#8220; mobile_dragging=&#8220;on&#8220; use_grayscale_filter=&#8220;off&#8220;] [et_pb_map_pin title=&#8220;BERTOLINI WILD SRL&#8220; pin_address=&#8220;Via Benedetto Cairoli, 1, 33100 Udine UD, Italia&#8220; pin_address_lat=&#8220;46.0646366&#8243; pin_address_lng=&#8220;13.241109499999993&#8243;] [\/et_pb_map_pin] [\/et_pb_map][\/et_pb_column][\/et_pb_row][\/et_pb_section]<\/p>\n","protected":false},"excerpt":{"rendered":"<p>[et_pb_section admin_label=&#8220;What we brew &#8230;&#8220; fullwidth=&#8220;off&#8220; specialty=&#8220;off&#8220; transparent_background=&#8220;off&#8220; background_color=&#8220;#343549&#8243; allow_player_pause=&#8220;off&#8220; inner_shadow=&#8220;off&#8220; parallax=&#8220;off&#8220; parallax_method=&#8220;on&#8220; make_fullwidth=&#8220;off&#8220; use_custom_width=&#8220;off&#8220; width_unit=&#8220;on&#8220; make_equal=&#8220;off&#8220; use_custom_gutter=&#8220;off&#8220; background_image=&#8220;http:\/\/bertolini-wild.it\/wp-content\/uploads\/2017\/02\/background-2-1.jpg&#8220; custom_padding=&#8220;80px||100px|&#8220; custom_css_main_element=&#8220;background-position: bottom center;&#8220; collapsed=&#8220;off&#8220; module_id=&#8220;our-coffee&#8220;][et_pb_row admin_label=&#8220;Row&#8220;][et_pb_column type=&#8220;4_4&#8243;][et_pb_text admin_label=&#8220;What we brew &#8230;&#8220; background_layout=&#8220;light&#8220; text_orientation=&#8220;left&#8220; text_font=&#8220;Dancing Script|on|||&#8220; text_font_size=&#8220;60&#8243; text_text_color=&#8220;#d7bc99&#8243; text_line_height=&#8220;1.2em&#8220; use_border_color=&#8220;off&#8220; border_color=&#8220;#ffffff&#8220; border_style=&#8220;solid&#8220; custom_css_main_element=&#8220;background: -webkit-linear-gradient(#B28342, #E8D7BE);||-webkit-background-clip: text;||-webkit-text-fill-color: transparent;&#8220;] What we brew&#8230; [\/et_pb_text][\/et_pb_column][\/et_pb_row][et_pb_row admin_label=&#8220;Row&#8220; make_fullwidth=&#8220;off&#8220; use_custom_width=&#8220;off&#8220; width_unit=&#8220;on&#8220; use_custom_gutter=&#8220;on&#8220; [&hellip;]<\/p>\n","protected":false},"author":1,"featured_media":0,"parent":0,"menu_order":0,"comment_status":"closed","ping_status":"closed","template":"","meta":{"_et_pb_use_builder":"on","_et_pb_old_content":"","_et_gb_content_width":""},"_links":{"self":[{"href":"https:\/\/bertolini-wild.it\/de\/wp-json\/wp\/v2\/pages\/2199\/"}],"collection":[{"href":"https:\/\/bertolini-wild.it\/de\/wp-json\/wp\/v2\/pages\/"}],"about":[{"href":"https:\/\/bertolini-wild.it\/de\/wp-json\/wp\/v2\/types\/page\/"}],"author":[{"embeddable":true,"href":"https:\/\/bertolini-wild.it\/de\/wp-json\/wp\/v2\/users\/1\/"}],"replies":[{"embeddable":true,"href":"https:\/\/bertolini-wild.it\/de\/wp-json\/wp\/v2\/comments\/?post=2199"}],"version-history":[{"count":71,"href":"https:\/\/bertolini-wild.it\/de\/wp-json\/wp\/v2\/pages\/2199\/revisions\/"}],"predecessor-version":[{"id":203887,"href":"https:\/\/bertolini-wild.it\/de\/wp-json\/wp\/v2\/pages\/2199\/revisions\/203887\/"}],"wp:attachment":[{"href":"https:\/\/bertolini-wild.it\/de\/wp-json\/wp\/v2\/media\/?parent=2199"}],"curies":[{"name":"wp","href":"https:\/\/api.w.org\/{rel}","templated":true}]}}